{"id":180,"date":"2019-11-04T15:51:23","date_gmt":"2019-11-04T15:51:23","guid":{"rendered":"https:\/\/californiaheartclinic.com\/?page_id=180"},"modified":"2020-06-20T21:07:40","modified_gmt":"2020-06-20T21:07:40","slug":"news","status":"publish","type":"page","link":"https:\/\/californiaheartclinic.com\/mx\/news\/","title":{"rendered":"Noticias"},"content":{"rendered":"<div data-elementor-type=\"wp-page\" data-elementor-id=\"180\" class=\"elementor elementor-180\" data-elementor-post-type=\"page\">\n\t\t\t\t\t\t<section class=\"elementor-section elementor-top-section elementor-element elementor-element-b7e1419 elementor-section-boxed elementor-section-height-default elementor-section-height-default\" data-id=\"b7e1419\" data-element_type=\"section\" data-e-type=\"section\">\n\t\t\t\t\t\t<div class=\"elementor-container elementor-column-gap-default\">\n\t\t\t\t\t<div class=\"elementor-column elementor-col-100 elementor-top-column elementor-element elementor-element-df9d2f7\" data-id=\"df9d2f7\" data-element_type=\"column\" data-e-type=\"column\">\n\t\t\t<div class=\"elementor-widget-wrap elementor-element-populated\">\n\t\t\t\t\t\t<div class=\"elementor-element elementor-element-4dbab3d elementor-widget elementor-widget-heading\" data-id=\"4dbab3d\" data-element_type=\"widget\" data-e-type=\"widget\" data-widget_type=\"heading.default\">\n\t\t\t\t<div class=\"elementor-widget-container\">\n\t\t\t\t\t<h1 class=\"elementor-heading-title elementor-size-default\">Cl\u00ednica vascular y del coraz\u00f3n de California - Noticias de salud del coraz\u00f3n<\/h1>\t\t\t\t<\/div>\n\t\t\t\t<\/div>\n\t\t\t\t<div class=\"elementor-element elementor-element-7510260 elementor-grid-3 elementor-grid-tablet-2 elementor-grid-mobile-1 elementor-posts--thumbnail-top elementor-widget elementor-widget-posts\" data-id=\"7510260\" data-element_type=\"widget\" data-e-type=\"widget\" data-settings=\"{&quot;pagination_type&quot;:&quot;prev_next&quot;,&quot;classic_columns&quot;:&quot;3&quot;,&quot;classic_columns_tablet&quot;:&quot;2&quot;,&quot;classic_columns_mobile&quot;:&quot;1&quot;,&quot;classic_row_gap&quot;:{&quot;unit&quot;:&quot;px&quot;,&quot;size&quot;:35,&quot;sizes&quot;:[]},&quot;classic_row_gap_tablet&quot;:{&quot;unit&quot;:&quot;px&quot;,&quot;size&quot;:&quot;&quot;,&quot;sizes&quot;:[]},&quot;classic_row_gap_mobile&quot;:{&quot;unit&quot;:&quot;px&quot;,&quot;size&quot;:&quot;&quot;,&quot;sizes&quot;:[]}}\" data-widget_type=\"posts.classic\">\n\t\t\t\t<div class=\"elementor-widget-container\">\n\t\t\t\t\t\t\t<div class=\"elementor-posts-container elementor-posts elementor-posts--skin-classic elementor-grid\" role=\"list\">\n\t\t\t\t<article class=\"elementor-post elementor-grid-item post-2340 post type-post status-publish format-standard has-post-thumbnail hentry category-general entry has-media\" role=\"listitem\">\n\t\t\t\t<a class=\"elementor-post__thumbnail__link\" href=\"https:\/\/californiaheartclinic.com\/mx\/safety-of-day-case-endovascular-interventions-for-peripheral-arterial-disease-in-a-rural-underserved-area\/\" tabindex=\"-1\" >\n\t\t\t<div class=\"elementor-post__thumbnail\"><img fetchpriority=\"high\" decoding=\"async\" width=\"728\" height=\"686\" src=\"https:\/\/californiaheartclinic.com\/wp-content\/uploads\/2020\/09\/peripheral-arterial-disease.jpg\" class=\"attachment-large size-large wp-image-2350\" alt=\"\" srcset=\"https:\/\/californiaheartclinic.com\/wp-content\/uploads\/2020\/09\/peripheral-arterial-disease.jpg 728w, https:\/\/californiaheartclinic.com\/wp-content\/uploads\/2020\/09\/peripheral-arterial-disease-300x283.jpg 300w\" sizes=\"(max-width: 728px) 100vw, 728px\" \/><\/div>\n\t\t<\/a>\n\t\t\t\t<div class=\"elementor-post__text\">\n\t\t\t\t<h3 class=\"elementor-post__title\">\n\t\t\t<a href=\"https:\/\/californiaheartclinic.com\/mx\/safety-of-day-case-endovascular-interventions-for-peripheral-arterial-disease-in-a-rural-underserved-area\/\" >\n\t\t\t\tSeguridad de las intervenciones endovasculares ambulatorias para la enfermedad arterial perif\u00e9rica en una zona rural desatendida\t\t\t<\/a>\n\t\t<\/h3>\n\t\t\t\t<div class=\"elementor-post__meta-data\">\n\t\t\t\t\t<span class=\"elementor-post-date\">\n\t\t\t18 de septiembre de 2020\t\t<\/span>\n\t\t\t\t<\/div>\n\t\t\t\t<\/div>\n\t\t\t\t<\/article>\n\t\t\t\t<article class=\"elementor-post elementor-grid-item post-721 post type-post status-publish format-standard has-post-thumbnail hentry category-general entry has-media\" role=\"listitem\">\n\t\t\t\t<a class=\"elementor-post__thumbnail__link\" href=\"https:\/\/californiaheartclinic.com\/mx\/new-study-shows-94-success-rate-for-dabra-laser-system-achieved-in-pad-patients\/\" tabindex=\"-1\" >\n\t\t\t<div class=\"elementor-post__thumbnail\"><img decoding=\"async\" width=\"319\" height=\"280\" src=\"https:\/\/californiaheartclinic.com\/wp-content\/uploads\/2019\/12\/Ra-Medical-Systems-fi.jpg\" class=\"attachment-large size-large wp-image-726\" alt=\"Ra Medical Systems Logo\" srcset=\"https:\/\/californiaheartclinic.com\/wp-content\/uploads\/2019\/12\/Ra-Medical-Systems-fi.jpg 319w, https:\/\/californiaheartclinic.com\/wp-content\/uploads\/2019\/12\/Ra-Medical-Systems-fi-300x263.jpg 300w\" sizes=\"(max-width: 319px) 100vw, 319px\" \/><\/div>\n\t\t<\/a>\n\t\t\t\t<div class=\"elementor-post__text\">\n\t\t\t\t<h3 class=\"elementor-post__title\">\n\t\t\t<a href=\"https:\/\/californiaheartclinic.com\/mx\/new-study-shows-94-success-rate-for-dabra-laser-system-achieved-in-pad-patients\/\" >\n\t\t\t\tNuevo estudio muestra la tasa de \u00e9xito 94% para el sistema l\u00e1ser DABRA logrado en pacientes con enfermedad arterial perif\u00e9rica (PAD)\t\t\t<\/a>\n\t\t<\/h3>\n\t\t\t\t<div class=\"elementor-post__meta-data\">\n\t\t\t\t\t<span class=\"elementor-post-date\">\n\t\t\t8 de marzo de 2019\t\t<\/span>\n\t\t\t\t<\/div>\n\t\t\t\t<\/div>\n\t\t\t\t<\/article>\n\t\t\t\t<article class=\"elementor-post elementor-grid-item post-767 post type-post status-publish format-standard has-post-thumbnail hentry category-general entry has-media\" role=\"listitem\">\n\t\t\t\t<a class=\"elementor-post__thumbnail__link\" href=\"https:\/\/californiaheartclinic.com\/mx\/the-growing-role-of-lasers-in-treatments-for-better-blood-flow\/\" tabindex=\"-1\" >\n\t\t\t<div class=\"elementor-post__thumbnail\"><img decoding=\"async\" width=\"1024\" height=\"1024\" src=\"https:\/\/californiaheartclinic.com\/wp-content\/uploads\/2019\/12\/6338-1024x1024.jpg\" class=\"attachment-large size-large wp-image-779\" alt=\"blood platelets\" srcset=\"https:\/\/californiaheartclinic.com\/wp-content\/uploads\/2019\/12\/6338-1024x1024.jpg 1024w, https:\/\/californiaheartclinic.com\/wp-content\/uploads\/2019\/12\/6338-300x300.jpg 300w, https:\/\/californiaheartclinic.com\/wp-content\/uploads\/2019\/12\/6338-150x150.jpg 150w, https:\/\/californiaheartclinic.com\/wp-content\/uploads\/2019\/12\/6338-768x768.jpg 768w, https:\/\/californiaheartclinic.com\/wp-content\/uploads\/2019\/12\/6338-1536x1536.jpg 1536w, https:\/\/californiaheartclinic.com\/wp-content\/uploads\/2019\/12\/6338-2048x2048.jpg 2048w\" sizes=\"(max-width: 1024px) 100vw, 1024px\" \/><\/div>\n\t\t<\/a>\n\t\t\t\t<div class=\"elementor-post__text\">\n\t\t\t\t<h3 class=\"elementor-post__title\">\n\t\t\t<a href=\"https:\/\/californiaheartclinic.com\/mx\/the-growing-role-of-lasers-in-treatments-for-better-blood-flow\/\" >\n\t\t\t\tEl creciente rol de los l\u00e1seres en los tratamientos para un mejor flujo sangu\u00edneo\t\t\t<\/a>\n\t\t<\/h3>\n\t\t\t\t<div class=\"elementor-post__meta-data\">\n\t\t\t\t\t<span class=\"elementor-post-date\">\n\t\t\t1 de marzo de 2019\t\t<\/span>\n\t\t\t\t<\/div>\n\t\t\t\t<\/div>\n\t\t\t\t<\/article>\n\t\t\t\t<article class=\"elementor-post elementor-grid-item post-731 post type-post status-publish format-standard has-post-thumbnail hentry category-general entry has-media\" role=\"listitem\">\n\t\t\t\t<a class=\"elementor-post__thumbnail__link\" href=\"https:\/\/californiaheartclinic.com\/mx\/fda-clears-ra-medicals-dabra-atherectomy-system-to-treat-pad\/\" tabindex=\"-1\" >\n\t\t\t<div class=\"elementor-post__thumbnail\"><img loading=\"lazy\" decoding=\"async\" width=\"900\" height=\"900\" src=\"https:\/\/californiaheartclinic.com\/wp-content\/uploads\/2019\/12\/fda.jpg\" class=\"attachment-large size-large wp-image-744\" alt=\"FDA Logo\" srcset=\"https:\/\/californiaheartclinic.com\/wp-content\/uploads\/2019\/12\/fda.jpg 900w, https:\/\/californiaheartclinic.com\/wp-content\/uploads\/2019\/12\/fda-300x300.jpg 300w, https:\/\/californiaheartclinic.com\/wp-content\/uploads\/2019\/12\/fda-150x150.jpg 150w, https:\/\/californiaheartclinic.com\/wp-content\/uploads\/2019\/12\/fda-768x768.jpg 768w\" sizes=\"(max-width: 900px) 100vw, 900px\" \/><\/div>\n\t\t<\/a>\n\t\t\t\t<div class=\"elementor-post__text\">\n\t\t\t\t<h3 class=\"elementor-post__title\">\n\t\t\t<a href=\"https:\/\/californiaheartclinic.com\/mx\/fda-clears-ra-medicals-dabra-atherectomy-system-to-treat-pad\/\" >\n\t\t\t\tLa FDA aprueba el sistema de aterectom\u00eda Dabra de Ra Medical para tratar la enfermedad arterial perif\u00e9rica (PAD)\t\t\t<\/a>\n\t\t<\/h3>\n\t\t\t\t<div class=\"elementor-post__meta-data\">\n\t\t\t\t\t<span class=\"elementor-post-date\">\n\t\t\t30 de mayo de 2017\t\t<\/span>\n\t\t\t\t<\/div>\n\t\t\t\t<\/div>\n\t\t\t\t<\/article>\n\t\t\t\t<\/div>\n\t\t\n\t\t\t\t\t\t<\/div>\n\t\t\t\t<\/div>\n\t\t\t\t\t<\/div>\n\t\t<\/div>\n\t\t\t\t\t<\/div>\n\t\t<\/section>\n\t\t\t\t<\/div>","protected":false},"excerpt":{"rendered":"<p>California Heart &amp; Vascular Clinic - Heart Health News<\/p>","protected":false},"author":6,"featured_media":0,"parent":0,"menu_order":0,"comment_status":"closed","ping_status":"closed","template":"elementor_header_footer","meta":{"_seopress_robots_primary_cat":"","_seopress_titles_title":"California Heart &amp; Vascular Clinic | Heart News &amp; Cardiology News","_seopress_titles_desc":"Check out our heart health news and the latest developments in cardiology. Dr. Ansari is  the premier cardiologist &amp; artery disease doctor in San Diego and the Imperial Valley.","_seopress_robots_index":"","_seopress_analysis_target_kw":"","inline_featured_image":false,"footnotes":""},"class_list":["post-180","page","type-page","status-publish","hentry","entry","has-media"],"jetpack_sharing_enabled":true,"_links":{"self":[{"href":"https:\/\/californiaheartclinic.com\/mx\/wp-json\/wp\/v2\/pages\/180","targetHints":{"allow":["GET"]}}],"collection":[{"href":"https:\/\/californiaheartclinic.com\/mx\/wp-json\/wp\/v2\/pages"}],"about":[{"href":"https:\/\/californiaheartclinic.com\/mx\/wp-json\/wp\/v2\/types\/page"}],"author":[{"embeddable":true,"href":"https:\/\/californiaheartclinic.com\/mx\/wp-json\/wp\/v2\/users\/6"}],"replies":[{"embeddable":true,"href":"https:\/\/californiaheartclinic.com\/mx\/wp-json\/wp\/v2\/comments?post=180"}],"version-history":[{"count":0,"href":"https:\/\/californiaheartclinic.com\/mx\/wp-json\/wp\/v2\/pages\/180\/revisions"}],"wp:attachment":[{"href":"https:\/\/californiaheartclinic.com\/mx\/wp-json\/wp\/v2\/media?parent=180"}],"curies":[{"name":"gracias","href":"https:\/\/api.w.org\/{rel}","templated":true}]}}